{"id":2075,"date":"2021-11-30T14:59:22","date_gmt":"2021-11-30T14:59:22","guid":{"rendered":"https:\/\/ohtarget.usfx.bo\/?page_id=2075"},"modified":"2026-03-05T19:57:44","modified_gmt":"2026-03-05T19:57:44","slug":"proyecto-ecoh","status":"publish","type":"page","link":"https:\/\/ohtarget.usfx.bo\/index.php\/proyecto-ecoh\/","title":{"rendered":"Proyecto ECOH"},"content":{"rendered":"\t\t<div data-elementor-type=\"wp-page\" data-elementor-id=\"2075\" class=\"elementor elementor-2075\">\n\t\t\t\t\t\t<section class=\"elementor-section elementor-top-section elementor-element elementor-element-a2bcfb6 elementor-section-boxed elementor-section-height-default elementor-section-height-default\" data-id=\"a2bcfb6\" data-element_type=\"section\" data-e-type=\"section\">\n\t\t\t\t\t\t<div class=\"elementor-container elementor-column-gap-default\">\n\t\t\t\t\t<div class=\"elementor-column elementor-col-33 elementor-top-column elementor-element elementor-element-a4a0ff3\" data-id=\"a4a0ff3\" data-element_type=\"column\" data-e-type=\"column\">\n\t\t\t<div class=\"elementor-widget-wrap elementor-element-populated\">\n\t\t\t\t\t\t<div class=\"elementor-element elementor-element-049ade9 elementor-widget elementor-widget-image\" data-id=\"049ade9\" data-element_type=\"widget\" data-e-type=\"widget\" data-widget_type=\"image.default\">\n\t\t\t\t<div class=\"elementor-widget-container\">\n\t\t\t\t\t\t\t\t\t\t\t\t\t\t\t<img fetchpriority=\"high\" decoding=\"async\" width=\"383\" height=\"132\" src=\"https:\/\/ohtarget.usfx.bo\/wp-content\/uploads\/2021\/08\/lmu-klinikum.png\" class=\"attachment-large size-large wp-image-1345\" alt=\"\" srcset=\"https:\/\/ohtarget.usfx.bo\/wp-content\/uploads\/2021\/08\/lmu-klinikum.png 383w, https:\/\/ohtarget.usfx.bo\/wp-content\/uploads\/2021\/08\/lmu-klinikum-300x103.png 300w\" sizes=\"(max-width: 383px) 100vw, 383px\" \/>\t\t\t\t\t\t\t\t\t\t\t\t\t\t\t<\/div>\n\t\t\t\t<\/div>\n\t\t\t\t\t<\/div>\n\t\t<\/div>\n\t\t\t\t<div class=\"elementor-column elementor-col-33 elementor-top-column elementor-element elementor-element-c7df013\" data-id=\"c7df013\" data-element_type=\"column\" data-e-type=\"column\">\n\t\t\t<div class=\"elementor-widget-wrap elementor-element-populated\">\n\t\t\t\t\t\t<div class=\"elementor-element elementor-element-680d13a elementor-widget elementor-widget-image\" data-id=\"680d13a\" data-element_type=\"widget\" data-e-type=\"widget\" data-widget_type=\"image.default\">\n\t\t\t\t<div class=\"elementor-widget-container\">\n\t\t\t\t\t\t\t\t\t\t\t\t\t\t\t<img decoding=\"async\" width=\"196\" height=\"250\" src=\"https:\/\/ohtarget.usfx.bo\/wp-content\/uploads\/2021\/08\/cropped-OH_Baum.png\" class=\"attachment-large size-large wp-image-38\" alt=\"\" \/>\t\t\t\t\t\t\t\t\t\t\t\t\t\t\t<\/div>\n\t\t\t\t<\/div>\n\t\t\t\t\t<\/div>\n\t\t<\/div>\n\t\t\t\t<div class=\"elementor-column elementor-col-33 elementor-top-column elementor-element elementor-element-868e8bd\" data-id=\"868e8bd\" data-element_type=\"column\" data-e-type=\"column\">\n\t\t\t<div class=\"elementor-widget-wrap elementor-element-populated\">\n\t\t\t\t\t\t<div class=\"elementor-element elementor-element-d7cc52f elementor-widget elementor-widget-image\" data-id=\"d7cc52f\" data-element_type=\"widget\" data-e-type=\"widget\" data-widget_type=\"image.default\">\n\t\t\t\t<div class=\"elementor-widget-container\">\n\t\t\t\t\t\t\t\t\t\t\t\t\t\t\t<img decoding=\"async\" width=\"1024\" height=\"373\" src=\"https:\/\/ohtarget.usfx.bo\/wp-content\/uploads\/2026\/03\/USFX-horizontal-1024x373.jpg\" class=\"attachment-large size-large wp-image-3725\" alt=\"\" srcset=\"https:\/\/ohtarget.usfx.bo\/wp-content\/uploads\/2026\/03\/USFX-horizontal-1024x373.jpg 1024w, https:\/\/ohtarget.usfx.bo\/wp-content\/uploads\/2026\/03\/USFX-horizontal-300x109.jpg 300w, https:\/\/ohtarget.usfx.bo\/wp-content\/uploads\/2026\/03\/USFX-horizontal-768x280.jpg 768w, https:\/\/ohtarget.usfx.bo\/wp-content\/uploads\/2026\/03\/USFX-horizontal-1536x560.jpg 1536w, https:\/\/ohtarget.usfx.bo\/wp-content\/uploads\/2026\/03\/USFX-horizontal.jpg 1553w\" sizes=\"(max-width: 1024px) 100vw, 1024px\" \/>\t\t\t\t\t\t\t\t\t\t\t\t\t\t\t<\/div>\n\t\t\t\t<\/div>\n\t\t\t\t\t<\/div>\n\t\t<\/div>\n\t\t\t\t\t<\/div>\n\t\t<\/section>\n\t\t\t\t<section class=\"elementor-section elementor-top-section elementor-element elementor-element-de4fa3a elementor-section-boxed elementor-section-height-default elementor-section-height-default\" data-id=\"de4fa3a\" data-element_type=\"section\" data-e-type=\"section\">\n\t\t\t\t\t\t<div class=\"elementor-container elementor-column-gap-default\">\n\t\t\t\t\t<div class=\"elementor-column elementor-col-100 elementor-top-column elementor-element elementor-element-2b96bca\" data-id=\"2b96bca\" data-element_type=\"column\" data-e-type=\"column\">\n\t\t\t<div class=\"elementor-widget-wrap\">\n\t\t\t\t\t\t\t<\/div>\n\t\t<\/div>\n\t\t\t\t\t<\/div>\n\t\t<\/section>\n\t\t\t\t<section class=\"elementor-section elementor-top-section elementor-element elementor-element-b28ed06 elementor-section-boxed elementor-section-height-default elementor-section-height-default\" data-id=\"b28ed06\" data-element_type=\"section\" data-e-type=\"section\">\n\t\t\t\t\t\t<div class=\"elementor-container elementor-column-gap-default\">\n\t\t\t\t\t<div class=\"elementor-column elementor-col-33 elementor-top-column elementor-element elementor-element-594525b\" data-id=\"594525b\" data-element_type=\"column\" data-e-type=\"column\">\n\t\t\t<div class=\"elementor-widget-wrap elementor-element-populated\">\n\t\t\t\t\t\t<div class=\"elementor-element elementor-element-cb7458e elementor-widget elementor-widget-image\" data-id=\"cb7458e\" data-element_type=\"widget\" data-e-type=\"widget\" data-widget_type=\"image.default\">\n\t\t\t\t<div class=\"elementor-widget-container\">\n\t\t\t\t\t\t\t\t\t\t\t\t\t\t\t<img loading=\"lazy\" decoding=\"async\" width=\"372\" height=\"913\" src=\"https:\/\/ohtarget.usfx.bo\/wp-content\/uploads\/2021\/11\/banner-ecoh.png\" class=\"attachment-large size-large wp-image-2082\" alt=\"\" srcset=\"https:\/\/ohtarget.usfx.bo\/wp-content\/uploads\/2021\/11\/banner-ecoh.png 372w, https:\/\/ohtarget.usfx.bo\/wp-content\/uploads\/2021\/11\/banner-ecoh-122x300.png 122w\" sizes=\"(max-width: 372px) 100vw, 372px\" \/>\t\t\t\t\t\t\t\t\t\t\t\t\t\t\t<\/div>\n\t\t\t\t<\/div>\n\t\t\t\t\t<\/div>\n\t\t<\/div>\n\t\t\t\t<div class=\"elementor-column elementor-col-66 elementor-top-column elementor-element elementor-element-926e57f\" data-id=\"926e57f\" data-element_type=\"column\" data-e-type=\"column\">\n\t\t\t<div class=\"elementor-widget-wrap elementor-element-populated\">\n\t\t\t\t\t\t<div class=\"elementor-element elementor-element-1fa7aa2 elementor-widget elementor-widget-text-editor\" data-id=\"1fa7aa2\" data-element_type=\"widget\" data-e-type=\"widget\" data-widget_type=\"text-editor.default\">\n\t\t\t\t<div class=\"elementor-widget-container\">\n\t\t\t\t\t\t\t\t\t<h3><strong><span dir=\"auto\" style=\"vertical-align: inherit;\"><span dir=\"auto\" style=\"vertical-align: inherit;\">PROYECTO ECOH: CUIDADO DEL MEDIO AMBIENTE CON UN ENFOQUE DE SALUD \u00daNICA<\/span><\/span><\/strong><\/h3><p><span dir=\"auto\" style=\"vertical-align: inherit;\"><span dir=\"auto\" style=\"vertical-align: inherit;\">Actualmente, nos enfrentamos a desaf\u00edos ambientales, sociales y econ\u00f3micos sin precedentes, que incluyen el cambio clim\u00e1tico la p\u00e9rdida de especies y h\u00e1bitats, crecientes desigualdades econ\u00f3micas y sociales, adem\u00e1s, el r\u00e1pido crecimiento poblacional, los procesos migratorios y la degradaci\u00f3n de la naturaleza da\u00f1an el medio ambiente en el que conviven seres humanos, plantas y animales predisponiendo la aparici\u00f3n de enfermedades infecciosas y no infecciosas disminuci\u00f3n de la calidad de vida y el desarrollo no sostenible.<\/span><\/span><\/p><p><em><strong><span dir=\"auto\" style=\"vertical-align: inherit;\"><span dir=\"auto\" style=\"vertical-align: inherit;\">Concienciar y educar<\/span><\/span><\/strong><\/em><span dir=\"auto\" style=\"vertical-align: inherit;\"><span dir=\"auto\" style=\"vertical-align: inherit;\"> , con base en la evidencia, sobre el impacto de nuestras acciones permitir\u00e1 una mejor convivencia y promover\u00e1 el cuidado y uso sustentable, de los recursos naturales considerando las pr\u00e1cticas en las comunidades rurales y urbanas. Es por ello que la educaci\u00f3n ambiental cobra relevancia para proponer un futuro sostenible promoviendo la toma responsable de decisiones a nivel individual, institucional y comunitario.<\/span><\/span><\/p><p><span dir=\"auto\" style=\"vertical-align: inherit;\"><span dir=\"auto\" style=\"vertical-align: inherit;\">La educaci\u00f3n ambiental es considerada un proceso que permite a las personas reconocer los problemas que afectan nuestro medio ambiente. <\/span><\/span><em><strong><span dir=\"auto\" style=\"vertical-align: inherit;\"><span dir=\"auto\" style=\"vertical-align: inherit;\">En ese sentido, el objetivo del proyecto es \u201cempoderar a la comunidad para el cuidado del medio ambiente a trav\u00e9s de estrategias educativas basadas en las necesidades locales\u201d.<\/span><\/span><\/strong><\/em><\/p><p><span dir=\"auto\" style=\"vertical-align: inherit;\"><span dir=\"auto\" style=\"vertical-align: inherit;\">El proyecto ECOH est\u00e1 liderado por la Universidad San Francisco Xavier de Chuquisaca, Bolivia junto con la Universidad San Carlos de Guatemala, y la participaci\u00f3n de otros miembros del Equipo del CIH en Latinoam\u00e9rica y M\u00fanich, conformando un equipo multidisciplinario para abordar las problem\u00e1ticas ambientales con una perspectiva integral en las comunidades de Bolivia y Guatemala.<\/span><\/span><\/p>\t\t\t\t\t\t\t\t<\/div>\n\t\t\t\t<\/div>\n\t\t\t\t\t<\/div>\n\t\t<\/div>\n\t\t\t\t\t<\/div>\n\t\t<\/section>\n\t\t\t\t<section class=\"elementor-section elementor-top-section elementor-element elementor-element-95b4961 elementor-section-boxed elementor-section-height-default elementor-section-height-default\" data-id=\"95b4961\" data-element_type=\"section\" data-e-type=\"section\">\n\t\t\t\t\t\t<div class=\"elementor-container elementor-column-gap-default\">\n\t\t\t\t\t<div class=\"elementor-column elementor-col-50 elementor-top-column elementor-element elementor-element-537ebf2\" data-id=\"537ebf2\" data-element_type=\"column\" data-e-type=\"column\">\n\t\t\t<div class=\"elementor-widget-wrap elementor-element-populated\">\n\t\t\t\t\t\t<div class=\"elementor-element elementor-element-f36b61a elementor-widget elementor-widget-image\" data-id=\"f36b61a\" data-element_type=\"widget\" data-e-type=\"widget\" data-widget_type=\"image.default\">\n\t\t\t\t<div class=\"elementor-widget-container\">\n\t\t\t\t\t\t\t\t\t\t\t\t\t\t\t<img loading=\"lazy\" decoding=\"async\" width=\"482\" height=\"290\" src=\"https:\/\/ohtarget.usfx.bo\/wp-content\/uploads\/2021\/11\/voluntarios.jpg\" class=\"attachment-large size-large wp-image-2090\" alt=\"\" srcset=\"https:\/\/ohtarget.usfx.bo\/wp-content\/uploads\/2021\/11\/voluntarios.jpg 482w, https:\/\/ohtarget.usfx.bo\/wp-content\/uploads\/2021\/11\/voluntarios-300x180.jpg 300w\" sizes=\"(max-width: 482px) 100vw, 482px\" \/>\t\t\t\t\t\t\t\t\t\t\t\t\t\t\t<\/div>\n\t\t\t\t<\/div>\n\t\t\t\t\t<\/div>\n\t\t<\/div>\n\t\t\t\t<div class=\"elementor-column elementor-col-50 elementor-top-column elementor-element elementor-element-e83311b\" data-id=\"e83311b\" data-element_type=\"column\" data-e-type=\"column\">\n\t\t\t<div class=\"elementor-widget-wrap elementor-element-populated\">\n\t\t\t\t\t\t<div class=\"elementor-element elementor-element-68a96aa elementor-widget elementor-widget-html\" data-id=\"68a96aa\" data-element_type=\"widget\" data-e-type=\"widget\" data-widget_type=\"html.default\">\n\t\t\t\t<div class=\"elementor-widget-container\">\n\t\t\t\t\t<script>(function(t,e,s,n){var o,a,c;t.SMCX=t.SMCX||[],e.getElementById(n)||(o=e.getElementsByTagName(s),a=o[o.length-1],c=e.createElement(s),c.type=\"text\/javascript\",c.async=!0,c.id=n,c.src=\"https:\/\/widget.surveymonkey.com\/collect\/website\/js\/tRaiETqnLgj758hTBazgd5aij7K_2F63z1E9h2U9P_2FkxD9Gd5j7y1nDGazepRfW_2Bwi.js\",a.parentNode.insertBefore(c,a))})(window,document,\"script\",\"smcx-sdk\");<\/script>\t\t\t\t<\/div>\n\t\t\t\t<\/div>\n\t\t\t\t\t<\/div>\n\t\t<\/div>\n\t\t\t\t\t<\/div>\n\t\t<\/section>\n\t\t\t\t<section class=\"elementor-section elementor-top-section elementor-element elementor-element-4d97484 elementor-section-boxed elementor-section-height-default elementor-section-height-default\" data-id=\"4d97484\" data-element_type=\"section\" data-e-type=\"section\">\n\t\t\t\t\t\t<div class=\"elementor-container elementor-column-gap-default\">\n\t\t\t\t\t<div class=\"elementor-column elementor-col-50 elementor-top-column elementor-element elementor-element-0d28702\" data-id=\"0d28702\" data-element_type=\"column\" data-e-type=\"column\">\n\t\t\t<div class=\"elementor-widget-wrap elementor-element-populated\">\n\t\t\t\t\t\t<div class=\"elementor-element elementor-element-92edf19 elementor-widget elementor-widget-heading\" data-id=\"92edf19\" data-element_type=\"widget\" data-e-type=\"widget\" data-widget_type=\"heading.default\">\n\t\t\t\t<div class=\"elementor-widget-container\">\n\t\t\t\t\t<h2 class=\"elementor-heading-title elementor-size-default\">Clasifiquemos + Guatemala<\/h2>\t\t\t\t<\/div>\n\t\t\t\t<\/div>\n\t\t\t\t<div class=\"elementor-element elementor-element-23f539a elementor-widget elementor-widget-image\" data-id=\"23f539a\" data-element_type=\"widget\" data-e-type=\"widget\" data-widget_type=\"image.default\">\n\t\t\t\t<div class=\"elementor-widget-container\">\n\t\t\t\t\t\t\t\t\t\t\t\t\t\t\t<img loading=\"lazy\" decoding=\"async\" width=\"1024\" height=\"768\" src=\"https:\/\/ohtarget.usfx.bo\/wp-content\/uploads\/2026\/03\/Clasifiquemos-team-1024x768-1.jpg\" class=\"attachment-large size-large wp-image-3805\" alt=\"\" srcset=\"https:\/\/ohtarget.usfx.bo\/wp-content\/uploads\/2026\/03\/Clasifiquemos-team-1024x768-1.jpg 1024w, https:\/\/ohtarget.usfx.bo\/wp-content\/uploads\/2026\/03\/Clasifiquemos-team-1024x768-1-300x225.jpg 300w, https:\/\/ohtarget.usfx.bo\/wp-content\/uploads\/2026\/03\/Clasifiquemos-team-1024x768-1-768x576.jpg 768w\" sizes=\"(max-width: 1024px) 100vw, 1024px\" \/>\t\t\t\t\t\t\t\t\t\t\t\t\t\t\t<\/div>\n\t\t\t\t<\/div>\n\t\t\t\t\t<\/div>\n\t\t<\/div>\n\t\t\t\t<div class=\"elementor-column elementor-col-50 elementor-top-column elementor-element elementor-element-75f613c\" data-id=\"75f613c\" data-element_type=\"column\" data-e-type=\"column\">\n\t\t\t<div class=\"elementor-widget-wrap elementor-element-populated\">\n\t\t\t\t\t\t<div class=\"elementor-element elementor-element-3931d4e elementor-widget elementor-widget-text-editor\" data-id=\"3931d4e\" data-element_type=\"widget\" data-e-type=\"widget\" data-widget_type=\"text-editor.default\">\n\t\t\t\t<div class=\"elementor-widget-container\">\n\t\t\t\t\t\t\t\t\t<h6><span style=\"color: #999999;\"><span dir=\"auto\" style=\"vertical-align: inherit;\"><span dir=\"auto\" style=\"vertical-align: inherit;\"><span dir=\"auto\" style=\"vertical-align: inherit;\"><span dir=\"auto\" style=\"vertical-align: inherit;\">En el a\u00f1o 2021 iniciamos un proyecto de clasificaci\u00f3n de residuos s\u00f3lidos en la comunidad El Tabacal, en el municipio de Villa Nueva. Ese mismo a\u00f1o se aprueba el decreto 164-2021 donde se establece el Reglamento para la gesti\u00f3n integral de los residuos y desechos s\u00f3lidos. Se espera que en el a\u00f1o 2025 esta ley se ejecute en todo el pa\u00eds. A trav\u00e9s de este proyecto se implement\u00f3 un plan piloto de clasificaci\u00f3n y recolecci\u00f3n de residuos s\u00f3lidos en esta comunidad. Esto incluy\u00f3 capacitaci\u00f3n a ni\u00f1os, mujeres, directivos y recolectores de basura. El manejo de residuos sigue funcionando hasta la fecha. Se logr\u00f3 un cambio de actitud en los habitantes de esta comunidad y se comprometieron a ser parte del cambio. Este proyecto fue bajo el concepto de una sola salud, por lo que se realiz\u00f3 el remozamiento de las \u00e1reas infantiles y las canchas, se recuper\u00f3 un \u00e1rea recreativa para ni\u00f1os.\u00a0<\/span><\/span><\/span><\/span><\/span><\/h6><p><a href=\"https:\/\/unasalud.usac.edu.gt\/?page_id=115\"><strong><span style=\"vertical-align: inherit; color: #339966;\"><span style=\"vertical-align: inherit;\"><span dir=\"auto\" style=\"vertical-align: inherit;\">INFORMACI\u00d3N COMPLETA AQU\u00cd\u00a0<\/span><\/span><\/span><\/strong><\/a><\/p>\t\t\t\t\t\t\t\t<\/div>\n\t\t\t\t<\/div>\n\t\t\t\t\t<\/div>\n\t\t<\/div>\n\t\t\t\t\t<\/div>\n\t\t<\/section>\n\t\t\t\t<section class=\"elementor-section elementor-top-section elementor-element elementor-element-1f305db elementor-section-boxed elementor-section-height-default elementor-section-height-default\" data-id=\"1f305db\" data-element_type=\"section\" data-e-type=\"section\">\n\t\t\t\t\t\t<div class=\"elementor-container elementor-column-gap-default\">\n\t\t\t\t\t<div class=\"elementor-column elementor-col-100 elementor-top-column elementor-element elementor-element-acd9d92\" data-id=\"acd9d92\" data-element_type=\"column\" data-e-type=\"column\">\n\t\t\t<div class=\"elementor-widget-wrap elementor-element-populated\">\n\t\t\t\t\t\t<div class=\"elementor-element elementor-element-b82b20d elementor-widget elementor-widget-image\" data-id=\"b82b20d\" data-element_type=\"widget\" data-e-type=\"widget\" data-widget_type=\"image.default\">\n\t\t\t\t<div class=\"elementor-widget-container\">\n\t\t\t\t\t\t\t\t\t\t\t\t\t\t\t<img loading=\"lazy\" decoding=\"async\" width=\"1024\" height=\"724\" src=\"https:\/\/ohtarget.usfx.bo\/wp-content\/uploads\/2026\/03\/TAMANO-MAX_Mesa-de-trabajo-1-copia-8_Mesa-de-trabajo-1-copia-8-1024x724.png\" class=\"attachment-large size-large wp-image-3718\" alt=\"\" srcset=\"https:\/\/ohtarget.usfx.bo\/wp-content\/uploads\/2026\/03\/TAMANO-MAX_Mesa-de-trabajo-1-copia-8_Mesa-de-trabajo-1-copia-8-1024x724.png 1024w, https:\/\/ohtarget.usfx.bo\/wp-content\/uploads\/2026\/03\/TAMANO-MAX_Mesa-de-trabajo-1-copia-8_Mesa-de-trabajo-1-copia-8-300x212.png 300w, https:\/\/ohtarget.usfx.bo\/wp-content\/uploads\/2026\/03\/TAMANO-MAX_Mesa-de-trabajo-1-copia-8_Mesa-de-trabajo-1-copia-8-768x543.png 768w, https:\/\/ohtarget.usfx.bo\/wp-content\/uploads\/2026\/03\/TAMANO-MAX_Mesa-de-trabajo-1-copia-8_Mesa-de-trabajo-1-copia-8-1536x1086.png 1536w, https:\/\/ohtarget.usfx.bo\/wp-content\/uploads\/2026\/03\/TAMANO-MAX_Mesa-de-trabajo-1-copia-8_Mesa-de-trabajo-1-copia-8-2048x1448.png 2048w\" sizes=\"(max-width: 1024px) 100vw, 1024px\" \/>\t\t\t\t\t\t\t\t\t\t\t\t\t\t\t<\/div>\n\t\t\t\t<\/div>\n\t\t\t\t<div class=\"elementor-element elementor-element-77e0cac elementor-widget elementor-widget-image\" data-id=\"77e0cac\" data-element_type=\"widget\" data-e-type=\"widget\" data-widget_type=\"image.default\">\n\t\t\t\t<div class=\"elementor-widget-container\">\n\t\t\t\t\t\t\t\t\t\t\t\t\t\t\t<img loading=\"lazy\" decoding=\"async\" width=\"768\" height=\"144\" src=\"https:\/\/ohtarget.usfx.bo\/wp-content\/uploads\/2021\/09\/CIH-logos-support2-1.jpg\" class=\"attachment-large size-large wp-image-2002\" alt=\"\" srcset=\"https:\/\/ohtarget.usfx.bo\/wp-content\/uploads\/2021\/09\/CIH-logos-support2-1.jpg 768w, https:\/\/ohtarget.usfx.bo\/wp-content\/uploads\/2021\/09\/CIH-logos-support2-1-300x56.jpg 300w\" sizes=\"(max-width: 768px) 100vw, 768px\" \/>\t\t\t\t\t\t\t\t\t\t\t\t\t\t\t<\/div>\n\t\t\t\t<\/div>\n\t\t\t\t\t<\/div>\n\t\t<\/div>\n\t\t\t\t\t<\/div>\n\t\t<\/section>\n\t\t\t\t<section class=\"elementor-section elementor-top-section elementor-element elementor-element-05129b7 elementor-section-boxed elementor-section-height-default elementor-section-height-default\" data-id=\"05129b7\" data-element_type=\"section\" data-e-type=\"section\">\n\t\t\t\t\t\t<div class=\"elementor-container elementor-column-gap-default\">\n\t\t\t\t\t<div class=\"elementor-column elementor-col-100 elementor-top-column elementor-element elementor-element-279549e\" data-id=\"279549e\" data-element_type=\"column\" data-e-type=\"column\">\n\t\t\t<div class=\"elementor-widget-wrap elementor-element-populated\">\n\t\t\t\t\t\t<section class=\"elementor-section elementor-inner-section elementor-element elementor-element-65b6f37 elementor-section-boxed elementor-section-height-default elementor-section-height-default\" data-id=\"65b6f37\" data-element_type=\"section\" data-e-type=\"section\">\n\t\t\t\t\t\t<div class=\"elementor-container elementor-column-gap-default\">\n\t\t\t\t\t<div class=\"elementor-column elementor-col-50 elementor-inner-column elementor-element elementor-element-1bb6870\" data-id=\"1bb6870\" data-element_type=\"column\" data-e-type=\"column\">\n\t\t\t<div class=\"elementor-widget-wrap\">\n\t\t\t\t\t\t\t<\/div>\n\t\t<\/div>\n\t\t\t\t<div class=\"elementor-column elementor-col-50 elementor-inner-column elementor-element elementor-element-6f525d8\" data-id=\"6f525d8\" data-element_type=\"column\" data-e-type=\"column\">\n\t\t\t<div class=\"elementor-widget-wrap\">\n\t\t\t\t\t\t\t<\/div>\n\t\t<\/div>\n\t\t\t\t\t<\/div>\n\t\t<\/section>\n\t\t\t\t\t<\/div>\n\t\t<\/div>\n\t\t\t\t\t<\/div>\n\t\t<\/section>\n\t\t\t\t<\/div>\n\t\t","protected":false},"excerpt":{"rendered":"<p>PROYECTO ECOH: CUIDADO DEL MEDIO AMBIENTE CON UN ENFOQUE DE SALUD \u00daNICA Actualmente, nos enfrentamos a desaf\u00edos ambientales, sociales y econ\u00f3micos sin precedentes, que incluyen el cambio clim\u00e1tico la p\u00e9rdida de especies y h\u00e1bitats, crecientes desigualdades econ\u00f3micas y sociales, adem\u00e1s, el r\u00e1pido crecimiento poblacional, los procesos migratorios y la degradaci\u00f3n de la naturaleza da\u00f1an el [&hellip;]<\/p>\n","protected":false},"author":1,"featured_media":0,"parent":0,"menu_order":0,"comment_status":"closed","ping_status":"closed","template":"","meta":{"site-sidebar-layout":"no-sidebar","site-content-layout":"page-builder","ast-site-content-layout":"default","site-content-style":"default","site-sidebar-style":"default","ast-global-header-display":"","ast-banner-title-visibility":"","ast-main-header-display":"","ast-hfb-above-header-display":"","ast-hfb-below-header-display":"","ast-hfb-mobile-header-display":"","site-post-title":"disabled","ast-breadcrumbs-content":"","ast-featured-img":"disabled","footer-sml-layout":"","ast-disable-related-posts":"","theme-transparent-header-meta":"default","adv-header-id-meta":"","stick-header-meta":"","header-above-stick-meta":"","header-main-stick-meta":"","header-below-stick-meta":"","astra-migrate-meta-layouts":"default","ast-page-background-enabled":"default","ast-page-background-meta":{"desktop":{"background-color":"","background-image":"","background-repeat":"repeat","background-position":"center center","background-size":"auto","background-attachment":"scroll","background-type":"","background-media":"","overlay-type":"","overlay-color":"","overlay-opacity":"","overlay-gradient":""},"tablet":{"background-color":"","background-image":"","background-repeat":"repeat","background-position":"center center","background-size":"auto","background-attachment":"scroll","background-type":"","background-media":"","overlay-type":"","overlay-color":"","overlay-opacity":"","overlay-gradient":""},"mobile":{"background-color":"","background-image":"","background-repeat":"repeat","background-position":"center center","background-size":"auto","background-attachment":"scroll","background-type":"","background-media":"","overlay-type":"","overlay-color":"","overlay-opacity":"","overlay-gradient":""}},"ast-content-background-meta":{"desktop":{"background-color":"var(--ast-global-color-5)","background-image":"","background-repeat":"repeat","background-position":"center center","background-size":"auto","background-attachment":"scroll","background-type":"","background-media":"","overlay-type":"","overlay-color":"","overlay-opacity":"","overlay-gradient":""},"tablet":{"background-color":"var(--ast-global-color-5)","background-image":"","background-repeat":"repeat","background-position":"center center","background-size":"auto","background-attachment":"scroll","background-type":"","background-media":"","overlay-type":"","overlay-color":"","overlay-opacity":"","overlay-gradient":""},"mobile":{"background-color":"var(--ast-global-color-5)","background-image":"","background-repeat":"repeat","background-position":"center center","background-size":"auto","background-attachment":"scroll","background-type":"","background-media":"","overlay-type":"","overlay-color":"","overlay-opacity":"","overlay-gradient":""}},"footnotes":""},"class_list":["post-2075","page","type-page","status-publish","hentry"],"_links":{"self":[{"href":"https:\/\/ohtarget.usfx.bo\/index.php\/wp-json\/wp\/v2\/pages\/2075","targetHints":{"allow":["GET"]}}],"collection":[{"href":"https:\/\/ohtarget.usfx.bo\/index.php\/wp-json\/wp\/v2\/pages"}],"about":[{"href":"https:\/\/ohtarget.usfx.bo\/index.php\/wp-json\/wp\/v2\/types\/page"}],"author":[{"embeddable":true,"href":"https:\/\/ohtarget.usfx.bo\/index.php\/wp-json\/wp\/v2\/users\/1"}],"replies":[{"embeddable":true,"href":"https:\/\/ohtarget.usfx.bo\/index.php\/wp-json\/wp\/v2\/comments?post=2075"}],"version-history":[{"count":26,"href":"https:\/\/ohtarget.usfx.bo\/index.php\/wp-json\/wp\/v2\/pages\/2075\/revisions"}],"predecessor-version":[{"id":3811,"href":"https:\/\/ohtarget.usfx.bo\/index.php\/wp-json\/wp\/v2\/pages\/2075\/revisions\/3811"}],"wp:attachment":[{"href":"https:\/\/ohtarget.usfx.bo\/index.php\/wp-json\/wp\/v2\/media?parent=2075"}],"curies":[{"name":"wp","href":"https:\/\/api.w.org\/{rel}","templated":true}]}}