{"id":4360,"date":"2026-04-07T22:10:46","date_gmt":"2026-04-07T22:10:46","guid":{"rendered":"https:\/\/ohtarget.usfx.bo\/?page_id=4360"},"modified":"2026-04-08T16:58:43","modified_gmt":"2026-04-08T16:58:43","slug":"cursos-en-linea-asincronicos-y-gratuitos","status":"publish","type":"page","link":"https:\/\/ohtarget.usfx.bo\/index.php\/cursos-en-linea-asincronicos-y-gratuitos\/","title":{"rendered":"Cursos en linea asincr\u00f3nicos y gratuitos"},"content":{"rendered":"\t\t<div data-elementor-type=\"wp-page\" data-elementor-id=\"4360\" class=\"elementor elementor-4360\">\n\t\t\t\t<div class=\"elementor-element elementor-element-ab3fa74 e-flex e-con-boxed e-con e-parent\" data-id=\"ab3fa74\" data-element_type=\"container\" data-e-type=\"container\">\n\t\t\t\t\t<div class=\"e-con-inner\">\n\t\t<div class=\"elementor-element elementor-element-2d1135a elementor-hidden-tablet elementor-hidden-mobile e-con-full e-flex e-con e-child\" data-id=\"2d1135a\" data-element_type=\"container\" data-e-type=\"container\">\n\t\t<div class=\"elementor-element elementor-element-19a6f8d e-con-full e-flex e-con e-child\" data-id=\"19a6f8d\" data-element_type=\"container\" data-e-type=\"container\">\n\t\t\t\t<div class=\"elementor-element elementor-element-d07887d elementor-widget elementor-widget-image\" data-id=\"d07887d\" data-element_type=\"widget\" data-e-type=\"widget\" data-widget_type=\"image.default\">\n\t\t\t\t<div class=\"elementor-widget-container\">\n\t\t\t\t\t\t\t\t\t\t\t\t\t\t\t<img decoding=\"async\" width=\"1\" height=\"1\" src=\"https:\/\/ohtarget.usfx.bo\/wp-content\/uploads\/2026\/04\/Logo-klinikum.svg\" class=\"attachment-large size-large wp-image-4246\" alt=\"\" \/>\t\t\t\t\t\t\t\t\t\t\t\t\t\t\t<\/div>\n\t\t\t\t<\/div>\n\t\t\t\t<\/div>\n\t\t<div class=\"elementor-element elementor-element-3a245cb e-con-full e-flex e-con e-child\" data-id=\"3a245cb\" data-element_type=\"container\" data-e-type=\"container\">\n\t\t\t\t<div class=\"elementor-element elementor-element-b8578c7 elementor-widget elementor-widget-image\" data-id=\"b8578c7\" data-element_type=\"widget\" data-e-type=\"widget\" data-widget_type=\"image.default\">\n\t\t\t\t<div class=\"elementor-widget-container\">\n\t\t\t\t\t\t\t\t\t\t\t\t\t\t\t<img decoding=\"async\" src=\"https:\/\/ohtarget.usfx.bo\/wp-content\/uploads\/2026\/04\/Logo-one_health.svg\" class=\"attachment-full size-full wp-image-4418\" alt=\"\" \/>\t\t\t\t\t\t\t\t\t\t\t\t\t\t\t<\/div>\n\t\t\t\t<\/div>\n\t\t\t\t<\/div>\n\t\t<div class=\"elementor-element elementor-element-5ad5424 e-con-full e-flex e-con e-child\" data-id=\"5ad5424\" data-element_type=\"container\" data-e-type=\"container\">\n\t\t\t\t<div class=\"elementor-element elementor-element-662798c elementor-widget elementor-widget-image\" data-id=\"662798c\" data-element_type=\"widget\" data-e-type=\"widget\" data-widget_type=\"image.default\">\n\t\t\t\t<div class=\"elementor-widget-container\">\n\t\t\t\t\t\t\t\t\t\t\t\t\t\t\t<img decoding=\"async\" src=\"https:\/\/ohtarget.usfx.bo\/wp-content\/uploads\/2026\/04\/Logo-usfx.svg\" class=\"attachment-full size-full wp-image-4419\" alt=\"\" \/>\t\t\t\t\t\t\t\t\t\t\t\t\t\t\t<\/div>\n\t\t\t\t<\/div>\n\t\t\t\t<\/div>\n\t\t\t\t<\/div>\n\t\t\t\t\t<\/div>\n\t\t\t\t<\/div>\n\t\t\t\t<section class=\"elementor-section elementor-top-section elementor-element elementor-element-fe8438d elementor-hidden-tablet elementor-hidden-mobile elementor-section-boxed elementor-section-height-default elementor-section-height-default\" data-id=\"fe8438d\" data-element_type=\"section\" data-e-type=\"section\" data-settings=\"{&quot;background_background&quot;:&quot;classic&quot;}\">\n\t\t\t\t\t\t\t<div class=\"elementor-background-overlay\"><\/div>\n\t\t\t\t\t\t\t<div class=\"elementor-container elementor-column-gap-default\">\n\t\t\t\t\t<div class=\"elementor-column elementor-col-100 elementor-top-column elementor-element elementor-element-167da4f\" data-id=\"167da4f\" data-element_type=\"column\" data-e-type=\"column\">\n\t\t\t<div class=\"elementor-widget-wrap elementor-element-populated\">\n\t\t\t\t\t\t<div class=\"elementor-element elementor-element-380babb elementor-widget elementor-widget-heading\" data-id=\"380babb\" data-element_type=\"widget\" data-e-type=\"widget\" data-widget_type=\"heading.default\">\n\t\t\t\t<div class=\"elementor-widget-container\">\n\t\t\t\t\t<h2 class=\"elementor-heading-title elementor-size-default\">Cursos en linea asincr\u00f3nicos y gratuitos<\/h2>\t\t\t\t<\/div>\n\t\t\t\t<\/div>\n\t\t\t\t\t<\/div>\n\t\t<\/div>\n\t\t\t\t\t<\/div>\n\t\t<\/section>\n\t\t\t\t<section class=\"elementor-section elementor-top-section elementor-element elementor-element-2dcee6e elementor-section-boxed elementor-section-height-default elementor-section-height-default\" data-id=\"2dcee6e\" data-element_type=\"section\" data-e-type=\"section\">\n\t\t\t\t\t\t<div class=\"elementor-container elementor-column-gap-default\">\n\t\t\t\t\t<div class=\"elementor-column elementor-col-100 elementor-top-column elementor-element elementor-element-b3ce6cf\" data-id=\"b3ce6cf\" data-element_type=\"column\" data-e-type=\"column\">\n\t\t\t<div class=\"elementor-widget-wrap elementor-element-populated\">\n\t\t\t\t\t\t<div class=\"elementor-element elementor-element-a737479 elementor-widget elementor-widget-text-editor\" data-id=\"a737479\" data-element_type=\"widget\" data-e-type=\"widget\" data-widget_type=\"text-editor.default\">\n\t\t\t\t<div class=\"elementor-widget-container\">\n\t\t\t\t\t\t\t\t\t<p><span style=\"font-size: 16px; text-align: center; white-space-collapse: preserve;\">Formaci\u00f3n flexible y accesible, dise\u00f1ada para adaptarse a distintos ritmos de aprendizaje. Los cursos asincr\u00f3nicos permiten al participante avanzar de manera aut\u00f3noma, accediendo a contenidos digitales actualizados, actividades pr\u00e1cticas y recursos multimedia en cualquier momento. Esta modalidad favorece la conciliaci\u00f3n con actividades acad\u00e9micas o laborales, garantizando una experiencia formativa inclusiva y de calidad.<\/span><\/p>\t\t\t\t\t\t\t\t<\/div>\n\t\t\t\t<\/div>\n\t\t\t\t\t<\/div>\n\t\t<\/div>\n\t\t\t\t\t<\/div>\n\t\t<\/section>\n\t\t\t\t<section class=\"elementor-section elementor-top-section elementor-element elementor-element-9896821 elementor-section-boxed elementor-section-height-default elementor-section-height-default\" data-id=\"9896821\" data-element_type=\"section\" data-e-type=\"section\">\n\t\t\t\t\t\t<div class=\"elementor-container elementor-column-gap-default\">\n\t\t\t\t\t<div class=\"elementor-column elementor-col-100 elementor-top-column elementor-element elementor-element-8bcf4c6\" data-id=\"8bcf4c6\" data-element_type=\"column\" data-e-type=\"column\">\n\t\t\t<div class=\"elementor-widget-wrap elementor-element-populated\">\n\t\t\t\t\t\t<div class=\"elementor-element elementor-element-7cac64c elementor-widget elementor-widget-eael-post-timeline\" data-id=\"7cac64c\" data-element_type=\"widget\" data-e-type=\"widget\" data-widget_type=\"eael-post-timeline.default\">\n\t\t\t\t<div class=\"elementor-widget-container\">\n\t\t\t\t\t<div id=\"eael-post-timeline-7cac64c\" class=\"eael-post-timeline timeline-layout-default eael-post-timeline-arrow-\">\n            <div class=\"eael-post-timeline eael-post-appender eael-post-appender-7cac64c\"><article class=\"eael-timeline-post eael-timeline-column\">\n    <div class=\"eael-timeline-bullet\"><\/div>\n    <div class=\"eael-timeline-post-inner\">\n        <a class=\"eael-timeline-post-link\" href=\"https:\/\/ohtarget.usfx.bo\/index.php\/2026\/04\/07\/curso-virtual-resistencia-antibiotica-enfoque-una-salud\/\" title=\"Curso virtual: \u201cResistencia antibi\u00f3tica: enfoque Una Salud\u201d\">\n            <time datetime=\"April 7, 2026\">April 7, 2026<\/time>\n            <div class=\"eael-timeline-post-image  attachment-medium size-medium\" style=\"background-image: url(https:\/\/ohtarget.usfx.bo\/wp-content\/uploads\/2024\/09\/WhatsApp-Image-2024-09-18-at-15.17.40-212x300.jpeg);\"><\/div><div class=\"eael-timeline-post-excerpt\"><p>La resistencia a los antibi\u00f3ticos es una amenaza para la...<\/p><\/div><div class=\"eael-timeline-post-title\">\n                    <h2 class=\"eael-timeline-post-title-text\">Curso virtual: \u201cResistencia antibi\u00f3tica: enfoque Una Salud\u201d<\/h2>\n                <\/div><\/a>\n    <\/div>\n<\/article><article class=\"eael-timeline-post eael-timeline-column\">\n    <div class=\"eael-timeline-bullet\"><\/div>\n    <div class=\"eael-timeline-post-inner\">\n        <a class=\"eael-timeline-post-link\" href=\"https:\/\/ohtarget.usfx.bo\/index.php\/2026\/04\/07\/ciclo-de-conversatorios-ciencia-abierta-usfx-2\/\" title=\"Ciclo de conversatorios Ciencia abierta \u2013 USFX\">\n            <time datetime=\"April 7, 2026\">April 7, 2026<\/time>\n            <div class=\"eael-timeline-post-image  attachment-medium size-medium\" style=\"background-image: url(https:\/\/ohtarget.usfx.bo\/wp-content\/uploads\/2024\/09\/WhatsApp-Image-2024-09-17-at-06.20.36-300x300.jpeg);\"><\/div><div class=\"eael-timeline-post-excerpt\"><p>En estas sesiones se propone presentar los resultados de investigaciones...<\/p><\/div><div class=\"eael-timeline-post-title\">\n                    <h2 class=\"eael-timeline-post-title-text\">Ciclo de conversatorios Ciencia abierta \u2013 USFX<\/h2>\n                <\/div><\/a>\n    <\/div>\n<\/article><article class=\"eael-timeline-post eael-timeline-column\">\n    <div class=\"eael-timeline-bullet\"><\/div>\n    <div class=\"eael-timeline-post-inner\">\n        <a class=\"eael-timeline-post-link\" href=\"https:\/\/ohtarget.usfx.bo\/index.php\/2026\/04\/07\/taller-de-escritura-cientifica-1era-parte\/\" title=\"Taller de Escritura Cient\u00edfica 1era Parte\">\n            <time datetime=\"April 7, 2026\">April 7, 2026<\/time>\n            <div class=\"eael-timeline-post-image  attachment-medium size-medium\" style=\"background-image: url(https:\/\/ohtarget.usfx.bo\/wp-content\/uploads\/2024\/09\/WhatsApp-Image-2024-09-03-at-10.06.54-300x300.jpeg);\"><\/div><div class=\"eael-timeline-post-excerpt\"><p>Pueden postular todos los investigadores y estudiantes de posgrado que...<\/p><\/div><div class=\"eael-timeline-post-title\">\n                    <h2 class=\"eael-timeline-post-title-text\">Taller de Escritura Cient\u00edfica 1era Parte<\/h2>\n                <\/div><\/a>\n    <\/div>\n<\/article><article class=\"eael-timeline-post eael-timeline-column\">\n    <div class=\"eael-timeline-bullet\"><\/div>\n    <div class=\"eael-timeline-post-inner\">\n        <a class=\"eael-timeline-post-link\" href=\"https:\/\/ohtarget.usfx.bo\/index.php\/2026\/04\/07\/enfoque-en-una-salud-y-cambio-climatico-2\/\" title=\"Enfoque en Una Salud y Cambio Clim\u00e1tico\">\n            <time datetime=\"April 7, 2026\">April 7, 2026<\/time>\n            <div class=\"eael-timeline-post-image  attachment-medium size-medium\" style=\"background-image: url(https:\/\/ohtarget.usfx.bo\/wp-content\/uploads\/2024\/08\/WhatsApp-Image-2024-08-21-at-14.22.35-300x300.jpeg);\"><\/div><div class=\"eael-timeline-post-excerpt\"><p>El curso presenta&nbsp;&nbsp;las conexiones entre el cambio clim\u00e1tico y la...<\/p><\/div><div class=\"eael-timeline-post-title\">\n                    <h2 class=\"eael-timeline-post-title-text\">Enfoque en Una Salud y Cambio Clim\u00e1tico<\/h2>\n                <\/div><\/a>\n    <\/div>\n<\/article><article class=\"eael-timeline-post eael-timeline-column\">\n    <div class=\"eael-timeline-bullet\"><\/div>\n    <div class=\"eael-timeline-post-inner\">\n        <a class=\"eael-timeline-post-link\" href=\"https:\/\/ohtarget.usfx.bo\/index.php\/2026\/04\/07\/ciclo-de-conversatorios-ciencia-abierta-usfx\/\" title=\"Ciclo de conversatorios Ciencia abierta \u2013 USFX\">\n            <time datetime=\"April 7, 2026\">April 7, 2026<\/time>\n            <div class=\"eael-timeline-post-image  attachment-medium size-medium\" style=\"background-image: url(https:\/\/ohtarget.usfx.bo\/wp-content\/uploads\/2024\/06\/WhatsApp-Image-2024-06-10-at-17.32.31-300x300.jpeg);\"><\/div><div class=\"eael-timeline-post-excerpt\"><p>En estas sesiones se propone presentar los resultados de investigaciones...<\/p><\/div><div class=\"eael-timeline-post-title\">\n                    <h2 class=\"eael-timeline-post-title-text\">Ciclo de conversatorios Ciencia abierta \u2013 USFX<\/h2>\n                <\/div><\/a>\n    <\/div>\n<\/article><article class=\"eael-timeline-post eael-timeline-column\">\n    <div class=\"eael-timeline-bullet\"><\/div>\n    <div class=\"eael-timeline-post-inner\">\n        <a class=\"eael-timeline-post-link\" href=\"https:\/\/ohtarget.usfx.bo\/index.php\/2026\/04\/07\/taller-etica-de-la-investigacion-cientifica\/\" title=\"Taller: \u00c9tica de la Investigaci\u00f3n Cient\u00edfica\">\n            <time datetime=\"April 7, 2026\">April 7, 2026<\/time>\n            <div class=\"eael-timeline-post-image  attachment-medium size-medium\" style=\"background-image: url(https:\/\/ohtarget.usfx.bo\/wp-content\/uploads\/2024\/05\/WhatsApp-Image-2024-05-24-at-07.53.20-300x300.jpeg);\"><\/div><div class=\"eael-timeline-post-excerpt\"><p>Dirigido a responsables de proyectos de investigaci\u00f3n &nbsp;Fecha: 31 de...<\/p><\/div><div class=\"eael-timeline-post-title\">\n                    <h2 class=\"eael-timeline-post-title-text\">Taller: \u00c9tica de la Investigaci\u00f3n Cient\u00edfica<\/h2>\n                <\/div><\/a>\n    <\/div>\n<\/article><article class=\"eael-timeline-post eael-timeline-column\">\n    <div class=\"eael-timeline-bullet\"><\/div>\n    <div class=\"eael-timeline-post-inner\">\n        <a class=\"eael-timeline-post-link\" href=\"https:\/\/ohtarget.usfx.bo\/index.php\/2026\/04\/07\/introduccion-al-analisis-estadistico-con-epi-info\/\" title=\"Introducci\u00f3n al an\u00e1lisis Estad\u00edstico con Epi Info\">\n            <time datetime=\"April 7, 2026\">April 7, 2026<\/time>\n            <div class=\"eael-timeline-post-image  attachment-medium size-medium\" style=\"background-image: url(https:\/\/ohtarget.usfx.bo\/wp-content\/uploads\/2024\/04\/afiche-curso-epiinfo-300x300.jpg);\"><\/div><div class=\"eael-timeline-post-excerpt\"><p>El curso busca fortalecer las competencias para el&nbsp;manejo de bases...<\/p><\/div><div class=\"eael-timeline-post-title\">\n                    <h2 class=\"eael-timeline-post-title-text\">Introducci\u00f3n al an\u00e1lisis Estad\u00edstico con Epi Info<\/h2>\n                <\/div><\/a>\n    <\/div>\n<\/article><article class=\"eael-timeline-post eael-timeline-column\">\n    <div class=\"eael-timeline-bullet\"><\/div>\n    <div class=\"eael-timeline-post-inner\">\n        <a class=\"eael-timeline-post-link\" href=\"https:\/\/ohtarget.usfx.bo\/index.php\/2026\/04\/07\/competencias-basicas-de-una-salud\/\" title=\"Competencias B\u00e1sicas de Una Salud\">\n            <time datetime=\"April 7, 2026\">April 7, 2026<\/time>\n            <div class=\"eael-timeline-post-image  attachment-medium size-medium\" style=\"background-image: url(https:\/\/ohtarget.usfx.bo\/wp-content\/uploads\/2023\/07\/Competencias-basicas-300x200.png);\"><\/div><div class=\"eael-timeline-post-excerpt\"><p>En tiempos de cambios y desaf\u00edos globales como la reciente...<\/p><\/div><div class=\"eael-timeline-post-title\">\n                    <h2 class=\"eael-timeline-post-title-text\">Competencias B\u00e1sicas de Una Salud<\/h2>\n                <\/div><\/a>\n    <\/div>\n<\/article><article class=\"eael-timeline-post eael-timeline-column\">\n    <div class=\"eael-timeline-bullet\"><\/div>\n    <div class=\"eael-timeline-post-inner\">\n        <a class=\"eael-timeline-post-link\" href=\"https:\/\/ohtarget.usfx.bo\/index.php\/2026\/04\/07\/curso-de-salud-global\/\" title=\"Curso de Salud Global\">\n            <time datetime=\"April 7, 2026\">April 7, 2026<\/time>\n            <div class=\"eael-timeline-post-image  attachment-medium size-medium\" style=\"background-image: url(https:\/\/ohtarget.usfx.bo\/wp-content\/uploads\/2024\/03\/Salud_global1-300x173.png);\"><\/div><div class=\"eael-timeline-post-excerpt\"><p>En este curso, los estudiantes obtendr\u00e1n una comprensi\u00f3n b\u00e1sica de...<\/p><\/div><div class=\"eael-timeline-post-title\">\n                    <h2 class=\"eael-timeline-post-title-text\">Curso de Salud Global<\/h2>\n                <\/div><\/a>\n    <\/div>\n<\/article><article class=\"eael-timeline-post eael-timeline-column\">\n    <div class=\"eael-timeline-bullet\"><\/div>\n    <div class=\"eael-timeline-post-inner\">\n        <a class=\"eael-timeline-post-link\" href=\"https:\/\/ohtarget.usfx.bo\/index.php\/2026\/04\/07\/curso-de-narracion-digital\/\" title=\"Curso de\u00a0Narraci\u00f3n Digital\">\n            <time datetime=\"April 7, 2026\">April 7, 2026<\/time>\n            <div class=\"eael-timeline-post-image  attachment-medium size-medium\" style=\"background-image: url(https:\/\/ohtarget.usfx.bo\/wp-content\/uploads\/2024\/03\/narracion-digital-300x148.png);\"><\/div><div class=\"eael-timeline-post-excerpt\"><p>Aprenda a compartir su mensaje mediante la creaci\u00f3n de historias...<\/p><\/div><div class=\"eael-timeline-post-title\">\n                    <h2 class=\"eael-timeline-post-title-text\">Curso de\u00a0Narraci\u00f3n Digital<\/h2>\n                <\/div><\/a>\n    <\/div>\n<\/article><\/div>\n\t\t<\/div>            <div class=\"eael-load-more-button-wrap eael-force-hide\">\n                <button class=\"eael-load-more-button\" id=\"eael-load-more-btn-7cac64c\" data-widget-id=\"7cac64c\" data-widget=\"7cac64c\" data-page-id=\"4360\" data-template=\"{&quot;dir&quot;:&quot;lite&quot;,&quot;file_name&quot;:&quot;default.php&quot;,&quot;name&quot;:&quot;Post-Timeline&quot;}\" data-class=\"Essential_Addons_Elementor\\Elements\\Post_Timeline\" data-layout=\"\" data-page=\"1\" data-args=\"orderby=date&amp;order=desc&amp;ignore_sticky_posts=1&amp;post_status=publish&amp;posts_per_page=10&amp;offset=0&amp;post_type=post&amp;tax_query%5B0%5D%5Btaxonomy%5D=category&amp;tax_query%5B0%5D%5Bfield%5D=term_id&amp;tax_query%5B0%5D%5Bterms%5D%5B0%5D=10&amp;tax_query%5B1%5D%5Btaxonomy%5D=post_tag&amp;tax_query%5B1%5D%5Bfield%5D=term_id&amp;tax_query%5B1%5D%5Bterms%5D%5B0%5D=15&amp;tax_query%5Brelation%5D=AND\" data-max-page=\"3\">\n                    <span class=\"eael-btn-loader button__loader\"><\/span>\n                    <span class=\"eael_load_more_text\"><\/span>\n                <\/button>\n            <\/div>\n            \t\t\t\t<\/div>\n\t\t\t\t<\/div>\n\t\t\t\t\t<\/div>\n\t\t<\/div>\n\t\t\t\t\t<\/div>\n\t\t<\/section>\n\t\t\t\t<section class=\"elementor-section elementor-top-section elementor-element elementor-element-824e2b0 elementor-hidden-tablet elementor-hidden-mobile elementor-section-boxed elementor-section-height-default elementor-section-height-default\" data-id=\"824e2b0\" data-element_type=\"section\" data-e-type=\"section\">\n\t\t\t\t\t\t<div class=\"elementor-container elementor-column-gap-default\">\n\t\t\t\t\t<div class=\"elementor-column elementor-col-100 elementor-top-column elementor-element elementor-element-914a728\" data-id=\"914a728\" data-element_type=\"column\" data-e-type=\"column\">\n\t\t\t<div class=\"elementor-widget-wrap elementor-element-populated\">\n\t\t\t\t\t\t<div class=\"elementor-element elementor-element-ffc23fe elementor-widget elementor-widget-image\" data-id=\"ffc23fe\" data-element_type=\"widget\" data-e-type=\"widget\" data-widget_type=\"image.default\">\n\t\t\t\t<div class=\"elementor-widget-container\">\n\t\t\t\t\t\t\t\t\t\t\t\t\t\t\t<img fetchpriority=\"high\" decoding=\"async\" width=\"768\" height=\"144\" src=\"https:\/\/ohtarget.usfx.bo\/wp-content\/uploads\/2021\/09\/CIH-logos-support2-1.jpg\" class=\"attachment-large size-large wp-image-2002\" alt=\"\" srcset=\"https:\/\/ohtarget.usfx.bo\/wp-content\/uploads\/2021\/09\/CIH-logos-support2-1.jpg 768w, https:\/\/ohtarget.usfx.bo\/wp-content\/uploads\/2021\/09\/CIH-logos-support2-1-300x56.jpg 300w\" sizes=\"(max-width: 768px) 100vw, 768px\" \/>\t\t\t\t\t\t\t\t\t\t\t\t\t\t\t<\/div>\n\t\t\t\t<\/div>\n\t\t\t\t\t<\/div>\n\t\t<\/div>\n\t\t\t\t\t<\/div>\n\t\t<\/section>\n\t\t\t\t<\/div>\n\t\t","protected":false},"excerpt":{"rendered":"<p>Cursos en linea asincr\u00f3nicos y gratuitos Formaci\u00f3n flexible y accesible, dise\u00f1ada para adaptarse a distintos ritmos de aprendizaje. Los cursos asincr\u00f3nicos permiten al participante avanzar de manera aut\u00f3noma, accediendo a contenidos digitales actualizados, actividades pr\u00e1cticas y recursos multimedia en cualquier momento. Esta modalidad favorece la conciliaci\u00f3n con actividades acad\u00e9micas o laborales, garantizando una experiencia formativa [&hellip;]<\/p>\n","protected":false},"author":1,"featured_media":0,"parent":0,"menu_order":0,"comment_status":"closed","ping_status":"closed","template":"elementor_header_footer","meta":{"site-sidebar-layout":"no-sidebar","site-content-layout":"page-builder","ast-site-content-layout":"full-width-container","site-content-style":"default","site-sidebar-style":"default","ast-global-header-display":"","ast-banner-title-visibility":"","ast-main-header-display":"","ast-hfb-above-header-display":"","ast-hfb-below-header-display":"","ast-hfb-mobile-header-display":"","site-post-title":"","ast-breadcrumbs-content":"","ast-featured-img":"disabled","footer-sml-layout":"","ast-disable-related-posts":"","theme-transparent-header-meta":"","adv-header-id-meta":"","stick-header-meta":"","header-above-stick-meta":"","header-main-stick-meta":"","header-below-stick-meta":"","astra-migrate-meta-layouts":"set","ast-page-background-enabled":"default","ast-page-background-meta":{"desktop":{"background-color":"","background-image":"","background-repeat":"repeat","background-position":"center center","background-size":"auto","background-attachment":"scroll","background-type":"","background-media":"","overlay-type":"","overlay-color":"","overlay-opacity":"","overlay-gradient":""},"tablet":{"background-color":"","background-image":"","background-repeat":"repeat","background-position":"center center","background-size":"auto","background-attachment":"scroll","background-type":"","background-media":"","overlay-type":"","overlay-color":"","overlay-opacity":"","overlay-gradient":""},"mobile":{"background-color":"","background-image":"","background-repeat":"repeat","background-position":"center center","background-size":"auto","background-attachment":"scroll","background-type":"","background-media":"","overlay-type":"","overlay-color":"","overlay-opacity":"","overlay-gradient":""}},"ast-content-background-meta":{"desktop":{"background-color":"var(--ast-global-color-5)","background-image":"","background-repeat":"repeat","background-position":"center center","background-size":"auto","background-attachment":"scroll","background-type":"","background-media":"","overlay-type":"","overlay-color":"","overlay-opacity":"","overlay-gradient":""},"tablet":{"background-color":"var(--ast-global-color-5)","background-image":"","background-repeat":"repeat","background-position":"center center","background-size":"auto","background-attachment":"scroll","background-type":"","background-media":"","overlay-type":"","overlay-color":"","overlay-opacity":"","overlay-gradient":""},"mobile":{"background-color":"var(--ast-global-color-5)","background-image":"","background-repeat":"repeat","background-position":"center center","background-size":"auto","background-attachment":"scroll","background-type":"","background-media":"","overlay-type":"","overlay-color":"","overlay-opacity":"","overlay-gradient":""}},"footnotes":""},"class_list":["post-4360","page","type-page","status-publish","hentry"],"_links":{"self":[{"href":"https:\/\/ohtarget.usfx.bo\/index.php\/wp-json\/wp\/v2\/pages\/4360","targetHints":{"allow":["GET"]}}],"collection":[{"href":"https:\/\/ohtarget.usfx.bo\/index.php\/wp-json\/wp\/v2\/pages"}],"about":[{"href":"https:\/\/ohtarget.usfx.bo\/index.php\/wp-json\/wp\/v2\/types\/page"}],"author":[{"embeddable":true,"href":"https:\/\/ohtarget.usfx.bo\/index.php\/wp-json\/wp\/v2\/users\/1"}],"replies":[{"embeddable":true,"href":"https:\/\/ohtarget.usfx.bo\/index.php\/wp-json\/wp\/v2\/comments?post=4360"}],"version-history":[{"count":10,"href":"https:\/\/ohtarget.usfx.bo\/index.php\/wp-json\/wp\/v2\/pages\/4360\/revisions"}],"predecessor-version":[{"id":4509,"href":"https:\/\/ohtarget.usfx.bo\/index.php\/wp-json\/wp\/v2\/pages\/4360\/revisions\/4509"}],"wp:attachment":[{"href":"https:\/\/ohtarget.usfx.bo\/index.php\/wp-json\/wp\/v2\/media?parent=4360"}],"curies":[{"name":"wp","href":"https:\/\/api.w.org\/{rel}","templated":true}]}}