{"id":4374,"date":"2026-04-07T22:20:13","date_gmt":"2026-04-07T22:20:13","guid":{"rendered":"https:\/\/ohtarget.usfx.bo\/?page_id=4374"},"modified":"2026-04-08T16:58:29","modified_gmt":"2026-04-08T16:58:29","slug":"programas-de-estudio","status":"publish","type":"page","link":"https:\/\/ohtarget.usfx.bo\/index.php\/programas-de-estudio\/","title":{"rendered":"Programas de Estudio"},"content":{"rendered":"\t\t<div data-elementor-type=\"wp-page\" data-elementor-id=\"4374\" class=\"elementor elementor-4374\">\n\t\t\t\t<div class=\"elementor-element elementor-element-ff35a0f e-flex e-con-boxed e-con e-parent\" data-id=\"ff35a0f\" data-element_type=\"container\" data-e-type=\"container\">\n\t\t\t\t\t<div class=\"e-con-inner\">\n\t\t<div class=\"elementor-element elementor-element-7db9161 elementor-hidden-tablet elementor-hidden-mobile e-con-full e-flex e-con e-child\" data-id=\"7db9161\" data-element_type=\"container\" data-e-type=\"container\">\n\t\t<div class=\"elementor-element elementor-element-cbdce27 e-con-full e-flex e-con e-child\" data-id=\"cbdce27\" data-element_type=\"container\" data-e-type=\"container\">\n\t\t\t\t<div class=\"elementor-element elementor-element-980aeb1 elementor-widget elementor-widget-image\" data-id=\"980aeb1\" data-element_type=\"widget\" data-e-type=\"widget\" data-widget_type=\"image.default\">\n\t\t\t\t<div class=\"elementor-widget-container\">\n\t\t\t\t\t\t\t\t\t\t\t\t\t\t\t<img decoding=\"async\" width=\"1\" height=\"1\" src=\"https:\/\/ohtarget.usfx.bo\/wp-content\/uploads\/2026\/04\/Logo-klinikum.svg\" class=\"attachment-large size-large wp-image-4246\" alt=\"\" \/>\t\t\t\t\t\t\t\t\t\t\t\t\t\t\t<\/div>\n\t\t\t\t<\/div>\n\t\t\t\t<\/div>\n\t\t<div class=\"elementor-element elementor-element-4bd0a50 e-con-full e-flex e-con e-child\" data-id=\"4bd0a50\" data-element_type=\"container\" data-e-type=\"container\">\n\t\t\t\t<div class=\"elementor-element elementor-element-4e80de4 elementor-widget elementor-widget-image\" data-id=\"4e80de4\" data-element_type=\"widget\" data-e-type=\"widget\" data-widget_type=\"image.default\">\n\t\t\t\t<div class=\"elementor-widget-container\">\n\t\t\t\t\t\t\t\t\t\t\t\t\t\t\t<img decoding=\"async\" src=\"https:\/\/ohtarget.usfx.bo\/wp-content\/uploads\/2026\/04\/Logo-one_health.svg\" class=\"attachment-full size-full wp-image-4418\" alt=\"\" \/>\t\t\t\t\t\t\t\t\t\t\t\t\t\t\t<\/div>\n\t\t\t\t<\/div>\n\t\t\t\t<\/div>\n\t\t<div class=\"elementor-element elementor-element-131a3f2 e-con-full e-flex e-con e-child\" data-id=\"131a3f2\" data-element_type=\"container\" data-e-type=\"container\">\n\t\t\t\t<div class=\"elementor-element elementor-element-f95c785 elementor-widget elementor-widget-image\" data-id=\"f95c785\" data-element_type=\"widget\" data-e-type=\"widget\" data-widget_type=\"image.default\">\n\t\t\t\t<div class=\"elementor-widget-container\">\n\t\t\t\t\t\t\t\t\t\t\t\t\t\t\t<img decoding=\"async\" src=\"https:\/\/ohtarget.usfx.bo\/wp-content\/uploads\/2026\/04\/Logo-usfx.svg\" class=\"attachment-full size-full wp-image-4419\" alt=\"\" \/>\t\t\t\t\t\t\t\t\t\t\t\t\t\t\t<\/div>\n\t\t\t\t<\/div>\n\t\t\t\t<\/div>\n\t\t\t\t<\/div>\n\t\t\t\t\t<\/div>\n\t\t\t\t<\/div>\n\t\t\t\t<section class=\"elementor-section elementor-top-section elementor-element elementor-element-f47526b elementor-hidden-tablet elementor-hidden-mobile elementor-section-boxed elementor-section-height-default elementor-section-height-default\" data-id=\"f47526b\" data-element_type=\"section\" data-e-type=\"section\" data-settings=\"{&quot;background_background&quot;:&quot;classic&quot;}\">\n\t\t\t\t\t\t\t<div class=\"elementor-background-overlay\"><\/div>\n\t\t\t\t\t\t\t<div class=\"elementor-container elementor-column-gap-default\">\n\t\t\t\t\t<div class=\"elementor-column elementor-col-100 elementor-top-column elementor-element elementor-element-632c4ec\" data-id=\"632c4ec\" data-element_type=\"column\" data-e-type=\"column\">\n\t\t\t<div class=\"elementor-widget-wrap elementor-element-populated\">\n\t\t\t\t\t\t<div class=\"elementor-element elementor-element-36b9189 elementor-widget elementor-widget-heading\" data-id=\"36b9189\" data-element_type=\"widget\" data-e-type=\"widget\" data-widget_type=\"heading.default\">\n\t\t\t\t<div class=\"elementor-widget-container\">\n\t\t\t\t\t<h2 class=\"elementor-heading-title elementor-size-default\">Programas de Estudio<\/h2>\t\t\t\t<\/div>\n\t\t\t\t<\/div>\n\t\t\t\t\t<\/div>\n\t\t<\/div>\n\t\t\t\t\t<\/div>\n\t\t<\/section>\n\t\t\t\t<section class=\"elementor-section elementor-top-section elementor-element elementor-element-5cfcb8a elementor-section-boxed elementor-section-height-default elementor-section-height-default\" data-id=\"5cfcb8a\" data-element_type=\"section\" data-e-type=\"section\">\n\t\t\t\t\t\t<div class=\"elementor-container elementor-column-gap-default\">\n\t\t\t\t\t<div class=\"elementor-column elementor-col-100 elementor-top-column elementor-element elementor-element-ad7c656\" data-id=\"ad7c656\" data-element_type=\"column\" data-e-type=\"column\">\n\t\t\t<div class=\"elementor-widget-wrap elementor-element-populated\">\n\t\t\t\t\t\t<div class=\"elementor-element elementor-element-a234c69 elementor-widget elementor-widget-text-editor\" data-id=\"a234c69\" data-element_type=\"widget\" data-e-type=\"widget\" data-widget_type=\"text-editor.default\">\n\t\t\t\t<div class=\"elementor-widget-container\">\n\t\t\t\t\t\t\t\t\t<p>Estructuras acad\u00e9micas organizadas que integran contenidos te\u00f3ricos y pr\u00e1cticos orientados al desarrollo de competencias espec\u00edficas. Los programas de estudio est\u00e1n dise\u00f1ados bajo criterios pedag\u00f3gicos y cient\u00edficos, alineados con necesidades actuales y contextos profesionales. Incluyen objetivos de aprendizaje, contenidos secuenciados, metodolog\u00edas did\u00e1cticas y sistemas de evaluaci\u00f3n que aseguran un proceso formativo coherente y riguroso.<\/p>\t\t\t\t\t\t\t\t<\/div>\n\t\t\t\t<\/div>\n\t\t\t\t\t<\/div>\n\t\t<\/div>\n\t\t\t\t\t<\/div>\n\t\t<\/section>\n\t\t\t\t<section class=\"elementor-section elementor-top-section elementor-element elementor-element-f817cff elementor-section-boxed elementor-section-height-default elementor-section-height-default\" data-id=\"f817cff\" data-element_type=\"section\" data-e-type=\"section\">\n\t\t\t\t\t\t<div class=\"elementor-container elementor-column-gap-default\">\n\t\t\t\t\t<div class=\"elementor-column elementor-col-100 elementor-top-column elementor-element elementor-element-1335cd1\" data-id=\"1335cd1\" data-element_type=\"column\" data-e-type=\"column\">\n\t\t\t<div class=\"elementor-widget-wrap elementor-element-populated\">\n\t\t\t\t\t\t<div class=\"elementor-element elementor-element-199549f elementor-widget elementor-widget-eael-post-timeline\" data-id=\"199549f\" data-element_type=\"widget\" data-e-type=\"widget\" data-widget_type=\"eael-post-timeline.default\">\n\t\t\t\t<div class=\"elementor-widget-container\">\n\t\t\t\t\t<div id=\"eael-post-timeline-199549f\" class=\"eael-post-timeline timeline-layout-default eael-post-timeline-arrow-\">\n            <div class=\"eael-post-timeline eael-post-appender eael-post-appender-199549f\"><article class=\"eael-timeline-post eael-timeline-column\">\n    <div class=\"eael-timeline-bullet\"><\/div>\n    <div class=\"eael-timeline-post-inner\">\n        <a class=\"eael-timeline-post-link\" href=\"https:\/\/ohtarget.usfx.bo\/index.php\/2026\/04\/07\/diploma-in-tropical-medicine-and-international-health-dtmih\/\" title=\"Diploma in Tropical Medicine and International Health (DTMIH)\">\n            <time datetime=\"April 7, 2026\">April 7, 2026<\/time>\n            <div class=\"eael-timeline-post-image  attachment-medium size-medium\" style=\"background-image: url(https:\/\/ohtarget.usfx.bo\/wp-content\/uploads\/2021\/09\/diploma-IH-300x223.jpg);\"><\/div><div class=\"eael-timeline-post-excerpt\"><p>El objetivo del Diplomado en Medicina Tropical y Salud Internacional...<\/p><\/div><div class=\"eael-timeline-post-title\">\n                    <h2 class=\"eael-timeline-post-title-text\">Diploma in Tropical Medicine and International Health (DTMIH)<\/h2>\n                <\/div><\/a>\n    <\/div>\n<\/article><article class=\"eael-timeline-post eael-timeline-column\">\n    <div class=\"eael-timeline-bullet\"><\/div>\n    <div class=\"eael-timeline-post-inner\">\n        <a class=\"eael-timeline-post-link\" href=\"https:\/\/ohtarget.usfx.bo\/index.php\/2026\/04\/07\/modulos-avanzados-en-salud-internacional\/\" title=\"M\u00f3dulos avanzados en Salud Internacional\">\n            <time datetime=\"April 7, 2026\">April 7, 2026<\/time>\n            <div class=\"eael-timeline-post-image  attachment-medium size-medium\" style=\"background-image: url(https:\/\/ohtarget.usfx.bo\/wp-content\/uploads\/2021\/09\/modulos-avanzados-2-300x244.jpg);\"><\/div><div class=\"eael-timeline-post-excerpt\"><p>La Unidad de Docencia y Capacitaci\u00f3n de la Divisi\u00f3n de...<\/p><\/div><div class=\"eael-timeline-post-title\">\n                    <h2 class=\"eael-timeline-post-title-text\">M\u00f3dulos avanzados en Salud Internacional<\/h2>\n                <\/div><\/a>\n    <\/div>\n<\/article><article class=\"eael-timeline-post eael-timeline-column\">\n    <div class=\"eael-timeline-bullet\"><\/div>\n    <div class=\"eael-timeline-post-inner\">\n        <a class=\"eael-timeline-post-link\" href=\"https:\/\/ohtarget.usfx.bo\/index.php\/2026\/04\/07\/ph-d-program-medical-research-international-health\/\" title=\"Ph.D. Program Medical Research \u2013 International Health\">\n            <time datetime=\"April 7, 2026\">April 7, 2026<\/time>\n            <div class=\"eael-timeline-post-image  attachment-medium size-medium\" style=\"background-image: url(https:\/\/ohtarget.usfx.bo\/wp-content\/uploads\/2021\/09\/phd-300x208.jpg);\"><\/div><div class=\"eael-timeline-post-excerpt\"><p>Este programa combina la investigaci\u00f3n relacionada con la salud en...<\/p><\/div><div class=\"eael-timeline-post-title\">\n                    <h2 class=\"eael-timeline-post-title-text\">Ph.D. Program Medical Research \u2013 International Health<\/h2>\n                <\/div><\/a>\n    <\/div>\n<\/article><article class=\"eael-timeline-post eael-timeline-column\">\n    <div class=\"eael-timeline-bullet\"><\/div>\n    <div class=\"eael-timeline-post-inner\">\n        <a class=\"eael-timeline-post-link\" href=\"https:\/\/ohtarget.usfx.bo\/index.php\/2026\/04\/07\/msc-international-health\/\" title=\"MSc International Health\">\n            <time datetime=\"April 7, 2026\">April 7, 2026<\/time>\n            <div class=\"eael-timeline-post-image  attachment-medium size-medium\" style=\"background-image: url(https:\/\/ohtarget.usfx.bo\/wp-content\/uploads\/2021\/09\/MSC-international-Health-300x272.jpg);\"><\/div><div class=\"eael-timeline-post-excerpt\"><p>La Maestr\u00eda se centra en los desaf\u00edos relacionados con la...<\/p><\/div><div class=\"eael-timeline-post-title\">\n                    <h2 class=\"eael-timeline-post-title-text\">MSc International Health<\/h2>\n                <\/div><\/a>\n    <\/div>\n<\/article><article class=\"eael-timeline-post eael-timeline-column\">\n    <div class=\"eael-timeline-bullet\"><\/div>\n    <div class=\"eael-timeline-post-inner\">\n        <a class=\"eael-timeline-post-link\" href=\"https:\/\/ohtarget.usfx.bo\/index.php\/2026\/04\/07\/msc-integrated-clinical-and-community-mental-health\/\" title=\"MSc Integrated Clinical and Community Mental Health\">\n            <time datetime=\"April 7, 2026\">April 7, 2026<\/time>\n            <div class=\"eael-timeline-post-image  attachment-medium size-medium\" style=\"background-image: url(https:\/\/ohtarget.usfx.bo\/wp-content\/uploads\/2021\/09\/jimma-300x169.jpg);\"><\/div><div class=\"eael-timeline-post-excerpt\"><p>La Maestr\u00eda en Salud Mental Cl\u00ednica y Comunitaria Integrada se...<\/p><\/div><div class=\"eael-timeline-post-title\">\n                    <h2 class=\"eael-timeline-post-title-text\">MSc Integrated Clinical and Community Mental Health<\/h2>\n                <\/div><\/a>\n    <\/div>\n<\/article><article class=\"eael-timeline-post eael-timeline-column\">\n    <div class=\"eael-timeline-bullet\"><\/div>\n    <div class=\"eael-timeline-post-inner\">\n        <a class=\"eael-timeline-post-link\" href=\"https:\/\/ohtarget.usfx.bo\/index.php\/2026\/04\/07\/msc-health-professional-education\/\" title=\"MSc Health Professional Education\">\n            <time datetime=\"April 7, 2026\">April 7, 2026<\/time>\n            <div class=\"eael-timeline-post-image  attachment-medium size-medium\" style=\"background-image: url(https:\/\/ohtarget.usfx.bo\/wp-content\/uploads\/2021\/09\/jimma-300x169.jpg);\"><\/div><div class=\"eael-timeline-post-excerpt\"><p>La Maestr\u00eda en Educaci\u00f3n Profesional de la Salud (MHPE), que...<\/p><\/div><div class=\"eael-timeline-post-title\">\n                    <h2 class=\"eael-timeline-post-title-text\">MSc Health Professional Education<\/h2>\n                <\/div><\/a>\n    <\/div>\n<\/article><\/div>\n\t\t<\/div>\t\t\t\t<\/div>\n\t\t\t\t<\/div>\n\t\t\t\t\t<\/div>\n\t\t<\/div>\n\t\t\t\t\t<\/div>\n\t\t<\/section>\n\t\t\t\t<section class=\"elementor-section elementor-top-section elementor-element elementor-element-2b921a1 elementor-hidden-tablet elementor-hidden-mobile elementor-section-boxed elementor-section-height-default elementor-section-height-default\" data-id=\"2b921a1\" data-element_type=\"section\" data-e-type=\"section\">\n\t\t\t\t\t\t<div class=\"elementor-container elementor-column-gap-default\">\n\t\t\t\t\t<div class=\"elementor-column elementor-col-100 elementor-top-column elementor-element elementor-element-e9c3ee5\" data-id=\"e9c3ee5\" data-element_type=\"column\" data-e-type=\"column\">\n\t\t\t<div class=\"elementor-widget-wrap elementor-element-populated\">\n\t\t\t\t\t\t<div class=\"elementor-element elementor-element-90255e3 elementor-widget elementor-widget-image\" data-id=\"90255e3\" data-element_type=\"widget\" data-e-type=\"widget\" data-widget_type=\"image.default\">\n\t\t\t\t<div class=\"elementor-widget-container\">\n\t\t\t\t\t\t\t\t\t\t\t\t\t\t\t<img fetchpriority=\"high\" decoding=\"async\" width=\"768\" height=\"144\" src=\"https:\/\/ohtarget.usfx.bo\/wp-content\/uploads\/2021\/09\/CIH-logos-support2-1.jpg\" class=\"attachment-large size-large wp-image-2002\" alt=\"\" srcset=\"https:\/\/ohtarget.usfx.bo\/wp-content\/uploads\/2021\/09\/CIH-logos-support2-1.jpg 768w, https:\/\/ohtarget.usfx.bo\/wp-content\/uploads\/2021\/09\/CIH-logos-support2-1-300x56.jpg 300w\" sizes=\"(max-width: 768px) 100vw, 768px\" \/>\t\t\t\t\t\t\t\t\t\t\t\t\t\t\t<\/div>\n\t\t\t\t<\/div>\n\t\t\t\t\t<\/div>\n\t\t<\/div>\n\t\t\t\t\t<\/div>\n\t\t<\/section>\n\t\t\t\t<\/div>\n\t\t","protected":false},"excerpt":{"rendered":"<p>Programas de Estudio Estructuras acad\u00e9micas organizadas que integran contenidos te\u00f3ricos y pr\u00e1cticos orientados al desarrollo de competencias espec\u00edficas. Los programas de estudio est\u00e1n dise\u00f1ados bajo criterios pedag\u00f3gicos y cient\u00edficos, alineados con necesidades actuales y contextos profesionales. Incluyen objetivos de aprendizaje, contenidos secuenciados, metodolog\u00edas did\u00e1cticas y sistemas de evaluaci\u00f3n que aseguran un proceso formativo coherente y [&hellip;]<\/p>\n","protected":false},"author":1,"featured_media":0,"parent":0,"menu_order":0,"comment_status":"closed","ping_status":"closed","template":"elementor_header_footer","meta":{"site-sidebar-layout":"no-sidebar","site-content-layout":"page-builder","ast-site-content-layout":"full-width-container","site-content-style":"default","site-sidebar-style":"default","ast-global-header-display":"","ast-banner-title-visibility":"","ast-main-header-display":"","ast-hfb-above-header-display":"","ast-hfb-below-header-display":"","ast-hfb-mobile-header-display":"","site-post-title":"","ast-breadcrumbs-content":"","ast-featured-img":"disabled","footer-sml-layout":"","ast-disable-related-posts":"","theme-transparent-header-meta":"","adv-header-id-meta":"","stick-header-meta":"","header-above-stick-meta":"","header-main-stick-meta":"","header-below-stick-meta":"","astra-migrate-meta-layouts":"set","ast-page-background-enabled":"default","ast-page-background-meta":{"desktop":{"background-color":"","background-image":"","background-repeat":"repeat","background-position":"center center","background-size":"auto","background-attachment":"scroll","background-type":"","background-media":"","overlay-type":"","overlay-color":"","overlay-opacity":"","overlay-gradient":""},"tablet":{"background-color":"","background-image":"","background-repeat":"repeat","background-position":"center center","background-size":"auto","background-attachment":"scroll","background-type":"","background-media":"","overlay-type":"","overlay-color":"","overlay-opacity":"","overlay-gradient":""},"mobile":{"background-color":"","background-image":"","background-repeat":"repeat","background-position":"center center","background-size":"auto","background-attachment":"scroll","background-type":"","background-media":"","overlay-type":"","overlay-color":"","overlay-opacity":"","overlay-gradient":""}},"ast-content-background-meta":{"desktop":{"background-color":"var(--ast-global-color-5)","background-image":"","background-repeat":"repeat","background-position":"center center","background-size":"auto","background-attachment":"scroll","background-type":"","background-media":"","overlay-type":"","overlay-color":"","overlay-opacity":"","overlay-gradient":""},"tablet":{"background-color":"var(--ast-global-color-5)","background-image":"","background-repeat":"repeat","background-position":"center center","background-size":"auto","background-attachment":"scroll","background-type":"","background-media":"","overlay-type":"","overlay-color":"","overlay-opacity":"","overlay-gradient":""},"mobile":{"background-color":"var(--ast-global-color-5)","background-image":"","background-repeat":"repeat","background-position":"center center","background-size":"auto","background-attachment":"scroll","background-type":"","background-media":"","overlay-type":"","overlay-color":"","overlay-opacity":"","overlay-gradient":""}},"footnotes":""},"class_list":["post-4374","page","type-page","status-publish","hentry"],"_links":{"self":[{"href":"https:\/\/ohtarget.usfx.bo\/index.php\/wp-json\/wp\/v2\/pages\/4374","targetHints":{"allow":["GET"]}}],"collection":[{"href":"https:\/\/ohtarget.usfx.bo\/index.php\/wp-json\/wp\/v2\/pages"}],"about":[{"href":"https:\/\/ohtarget.usfx.bo\/index.php\/wp-json\/wp\/v2\/types\/page"}],"author":[{"embeddable":true,"href":"https:\/\/ohtarget.usfx.bo\/index.php\/wp-json\/wp\/v2\/users\/1"}],"replies":[{"embeddable":true,"href":"https:\/\/ohtarget.usfx.bo\/index.php\/wp-json\/wp\/v2\/comments?post=4374"}],"version-history":[{"count":7,"href":"https:\/\/ohtarget.usfx.bo\/index.php\/wp-json\/wp\/v2\/pages\/4374\/revisions"}],"predecessor-version":[{"id":4506,"href":"https:\/\/ohtarget.usfx.bo\/index.php\/wp-json\/wp\/v2\/pages\/4374\/revisions\/4506"}],"wp:attachment":[{"href":"https:\/\/ohtarget.usfx.bo\/index.php\/wp-json\/wp\/v2\/media?parent=4374"}],"curies":[{"name":"wp","href":"https:\/\/api.w.org\/{rel}","templated":true}]}}